{"id":117,"date":"2022-07-12T13:27:53","date_gmt":"2022-07-12T13:27:53","guid":{"rendered":"https:\/\/imperio.pl\/?page_id=117"},"modified":"2022-07-12T14:24:36","modified_gmt":"2022-07-12T14:24:36","slug":"nieruchomosci","status":"publish","type":"page","link":"https:\/\/imperio.pl\/?page_id=117","title":{"rendered":"Nieruchomo\u015bci"},"content":{"rendered":"\t\t<div data-elementor-type=\"wp-page\" data-elementor-id=\"117\" class=\"elementor elementor-117\">\n\t\t\t\t\t\t<header class=\"elementor-section elementor-top-section elementor-element elementor-element-1a707116 elementor-section-height-min-height elementor-section-content-middle elementor-reverse-mobile elementor-section-items-stretch elementor-section-boxed elementor-section-height-default\" data-id=\"1a707116\" data-element_type=\"section\" data-settings=\"{&quot;background_background&quot;:&quot;classic&quot;}\">\n\t\t\t\t\t\t\t<div class=\"elementor-background-overlay\"><\/div>\n\t\t\t\t\t\t\t<div class=\"elementor-container elementor-column-gap-default\">\n\t\t\t\t\t<div class=\"elementor-column elementor-col-100 elementor-top-column elementor-element elementor-element-5fe60ee8\" data-id=\"5fe60ee8\" data-element_type=\"column\">\n\t\t\t<div class=\"elementor-widget-wrap elementor-element-populated\">\n\t\t\t\t\t\t<div class=\"elementor-element elementor-element-1cba0a66 elementor-widget elementor-widget-heading\" data-id=\"1cba0a66\" data-element_type=\"widget\" data-widget_type=\"heading.default\">\n\t\t\t\t<div class=\"elementor-widget-container\">\n\t\t\t\t\t<h1 class=\"elementor-heading-title elementor-size-default\">Nieruchomo\u015bci<\/h1>\t\t\t\t<\/div>\n\t\t\t\t<\/div>\n\t\t\t\t<div class=\"elementor-element elementor-element-2bb6ba2c elementor-widget-divider--view-line elementor-widget elementor-widget-divider\" data-id=\"2bb6ba2c\" data-element_type=\"widget\" data-widget_type=\"divider.default\">\n\t\t\t\t<div class=\"elementor-widget-container\">\n\t\t\t\t\t\t\t<div class=\"elementor-divider\">\n\t\t\t<span class=\"elementor-divider-separator\">\n\t\t\t\t\t\t<\/span>\n\t\t<\/div>\n\t\t\t\t\t\t<\/div>\n\t\t\t\t<\/div>\n\t\t\t\t<div class=\"elementor-element elementor-element-4e32c54c elementor-widget elementor-widget-text-editor\" data-id=\"4e32c54c\" data-element_type=\"widget\" data-widget_type=\"text-editor.default\">\n\t\t\t\t<div class=\"elementor-widget-container\">\n\t\t\t\t\t\t\t\t\t<p>Nie dzia\u0142amy szablonowo, dzia\u0142amy z pasj\u0105. W IMPERIO ka\u017cdego Klienta traktujemy indywidualnie. Pasj\u0119 \u0142\u0105czymy z wieloletnim do\u015bwiadczeniem. Do ka\u017cdej transakcji zawsze podchodzimy z pe\u0142nym zaanga\u017cowaniem. Jeste\u015bmy nastawieni na jako\u015b\u0107, profesjonalizm, ograniczaj\u0105c ilo\u015b\u0107 obs\u0142ugiwanych ofert gwarantujemy pe\u0142ne wsparcie i kompleksowo\u015b\u0107 us\u0142ugi.<\/p>\t\t\t\t\t\t\t\t<\/div>\n\t\t\t\t<\/div>\n\t\t\t\t\t<\/div>\n\t\t<\/div>\n\t\t\t\t\t<\/div>\n\t\t<\/header>\n\t\t\t\t<section class=\"elementor-section elementor-top-section elementor-element elementor-element-cbc92a elementor-section-boxed elementor-section-height-default elementor-section-height-default\" data-id=\"cbc92a\" data-element_type=\"section\" data-settings=\"{&quot;background_background&quot;:&quot;classic&quot;}\">\n\t\t\t\t\t\t<div class=\"elementor-container elementor-column-gap-default\">\n\t\t\t\t\t<div class=\"elementor-column elementor-col-50 elementor-top-column elementor-element elementor-element-593859e1\" data-id=\"593859e1\" data-element_type=\"column\">\n\t\t\t<div class=\"elementor-widget-wrap elementor-element-populated\">\n\t\t\t\t\t\t<div class=\"elementor-element elementor-element-6b904ea2 elementor-widget elementor-widget-heading\" data-id=\"6b904ea2\" data-element_type=\"widget\" data-widget_type=\"heading.default\">\n\t\t\t\t<div class=\"elementor-widget-container\">\n\t\t\t\t\t<h2 class=\"elementor-heading-title elementor-size-default\">Co nas wyr\u00f3\u017cnia<\/h2>\t\t\t\t<\/div>\n\t\t\t\t<\/div>\n\t\t\t\t<div class=\"elementor-element elementor-element-4a9d0999 elementor-widget elementor-widget-text-editor\" data-id=\"4a9d0999\" data-element_type=\"widget\" data-widget_type=\"text-editor.default\">\n\t\t\t\t<div class=\"elementor-widget-container\">\n\t\t\t\t\t\t\t\t\t<p><span style=\"font-size: 14px;\">Specjalizujemy si\u0119 po\u015brednictwem w sprzeda\u017cy, najmie i kupnie mieszka\u0144, dom\u00f3w, lokali oraz dzia\u0142ek. Skoncentrowani jeste\u015bmy na rejonie Wieliczki i Krakowa.\u00a0<\/span><\/p><p>Dzia\u0142amy lokalnie, a przede wszystkim indywidualnie, dzi\u0119ki czemu mo\u017cemy zagwarantowa\u0107 kompleksowe wsparcie na ka\u017cdym etapie transakcji.\u00a0<\/p><p>Zapewniamy wsparcie notarialne, prawne oraz ksi\u0119gowe. Cechuje nas dyskrecja, uczciwo\u015b\u0107 oraz transparentno\u015b\u0107.\u00a0 \u00a0<\/p><p><span style=\"font-size: 14px;\">Naszym celem nadrz\u0119dnym jest pomoc w dopasowaniu oferty do potrzeb i oczekiwa\u0144 Klienta oraz przeprowadzeniu go przez ca\u0142y proces sprzeda\u017cy lub najmu. Chronimy naszych Klient\u00f3w przed pope\u0142nianiem b\u0142\u0119d\u00f3w, ch\u0119tnie dziel\u0105c si\u0119 do\u015bwiadczeniem. My i nasza wiedza jest zawsze do ich dyspozycji.<\/span><\/p>\t\t\t\t\t\t\t\t<\/div>\n\t\t\t\t<\/div>\n\t\t\t\t<div class=\"elementor-element elementor-element-424b243a elementor-widget-divider--view-line elementor-widget elementor-widget-divider\" data-id=\"424b243a\" data-element_type=\"widget\" data-widget_type=\"divider.default\">\n\t\t\t\t<div class=\"elementor-widget-container\">\n\t\t\t\t\t\t\t<div class=\"elementor-divider\">\n\t\t\t<span class=\"elementor-divider-separator\">\n\t\t\t\t\t\t<\/span>\n\t\t<\/div>\n\t\t\t\t\t\t<\/div>\n\t\t\t\t<\/div>\n\t\t\t\t\t<\/div>\n\t\t<\/div>\n\t\t\t\t<div class=\"elementor-column elementor-col-50 elementor-top-column elementor-element elementor-element-612e4c72\" data-id=\"612e4c72\" data-element_type=\"column\">\n\t\t\t<div class=\"elementor-widget-wrap elementor-element-populated\">\n\t\t\t\t\t\t<div class=\"elementor-element elementor-element-1de8f60b elementor-widget elementor-widget-image\" data-id=\"1de8f60b\" data-element_type=\"widget\" data-widget_type=\"image.default\">\n\t\t\t\t<div class=\"elementor-widget-container\">\n\t\t\t\t\t\t\t\t\t\t\t\t\t\t\t<img fetchpriority=\"high\" decoding=\"async\" width=\"1024\" height=\"682\" src=\"https:\/\/imperio.pl\/wp-content\/uploads\/2022\/07\/model-domu-willi-klucz-i-rysunek-na-desktopie-retro-koncepcja-sprzedazy-nieruchomosci_1387-310-1024x682.webp\" class=\"attachment-large size-large wp-image-130\" alt=\"\" srcset=\"https:\/\/imperio.pl\/wp-content\/uploads\/2022\/07\/model-domu-willi-klucz-i-rysunek-na-desktopie-retro-koncepcja-sprzedazy-nieruchomosci_1387-310-1024x682.webp 1024w, https:\/\/imperio.pl\/wp-content\/uploads\/2022\/07\/model-domu-willi-klucz-i-rysunek-na-desktopie-retro-koncepcja-sprzedazy-nieruchomosci_1387-310-300x200.webp 300w, https:\/\/imperio.pl\/wp-content\/uploads\/2022\/07\/model-domu-willi-klucz-i-rysunek-na-desktopie-retro-koncepcja-sprzedazy-nieruchomosci_1387-310-768x512.webp 768w, https:\/\/imperio.pl\/wp-content\/uploads\/2022\/07\/model-domu-willi-klucz-i-rysunek-na-desktopie-retro-koncepcja-sprzedazy-nieruchomosci_1387-310-1536x1024.webp 1536w, https:\/\/imperio.pl\/wp-content\/uploads\/2022\/07\/model-domu-willi-klucz-i-rysunek-na-desktopie-retro-koncepcja-sprzedazy-nieruchomosci_1387-310.webp 2000w\" sizes=\"(max-width: 1024px) 100vw, 1024px\" \/>\t\t\t\t\t\t\t\t\t\t\t\t\t\t\t<\/div>\n\t\t\t\t<\/div>\n\t\t\t\t\t<\/div>\n\t\t<\/div>\n\t\t\t\t\t<\/div>\n\t\t<\/section>\n\t\t\t\t<section class=\"elementor-section elementor-top-section elementor-element elementor-element-471a4000 elementor-section-boxed elementor-section-height-default elementor-section-height-default\" data-id=\"471a4000\" data-element_type=\"section\" data-settings=\"{&quot;background_background&quot;:&quot;classic&quot;}\">\n\t\t\t\t\t\t<div class=\"elementor-container elementor-column-gap-default\">\n\t\t\t\t\t<div class=\"elementor-column elementor-col-100 elementor-top-column elementor-element elementor-element-1a2afa08\" data-id=\"1a2afa08\" data-element_type=\"column\">\n\t\t\t<div class=\"elementor-widget-wrap elementor-element-populated\">\n\t\t\t\t\t\t<div class=\"elementor-element elementor-element-6c6f9ac1 elementor-widget elementor-widget-heading\" data-id=\"6c6f9ac1\" data-element_type=\"widget\" data-widget_type=\"heading.default\">\n\t\t\t\t<div class=\"elementor-widget-container\">\n\t\t\t\t\t<h2 class=\"elementor-heading-title elementor-size-default\">Us\u0142ugi<\/h2>\t\t\t\t<\/div>\n\t\t\t\t<\/div>\n\t\t\t\t<div class=\"elementor-element elementor-element-78acae77 elementor-widget-divider--view-line elementor-widget elementor-widget-divider\" data-id=\"78acae77\" data-element_type=\"widget\" data-widget_type=\"divider.default\">\n\t\t\t\t<div class=\"elementor-widget-container\">\n\t\t\t\t\t\t\t<div class=\"elementor-divider\">\n\t\t\t<span class=\"elementor-divider-separator\">\n\t\t\t\t\t\t<\/span>\n\t\t<\/div>\n\t\t\t\t\t\t<\/div>\n\t\t\t\t<\/div>\n\t\t\t\t<section class=\"elementor-section elementor-inner-section elementor-element elementor-element-586f3732 elementor-section-boxed elementor-section-height-default elementor-section-height-default\" data-id=\"586f3732\" data-element_type=\"section\">\n\t\t\t\t\t\t<div class=\"elementor-container elementor-column-gap-default\">\n\t\t\t\t\t<div class=\"elementor-column elementor-col-33 elementor-inner-column elementor-element elementor-element-7c9969cf\" data-id=\"7c9969cf\" data-element_type=\"column\">\n\t\t\t<div class=\"elementor-widget-wrap elementor-element-populated\">\n\t\t\t\t\t\t<div class=\"elementor-element elementor-element-6898e539 elementor-widget elementor-widget-heading\" data-id=\"6898e539\" data-element_type=\"widget\" data-widget_type=\"heading.default\">\n\t\t\t\t<div class=\"elementor-widget-container\">\n\t\t\t\t\t<h3 class=\"elementor-heading-title elementor-size-default\">Po\u015brednictwo sprzeda\u017cy<\/h3>\t\t\t\t<\/div>\n\t\t\t\t<\/div>\n\t\t\t\t<div class=\"elementor-element elementor-element-6177f2b0 elementor-widget elementor-widget-text-editor\" data-id=\"6177f2b0\" data-element_type=\"widget\" data-widget_type=\"text-editor.default\">\n\t\t\t\t<div class=\"elementor-widget-container\">\n\t\t\t\t\t\t\t\t\t<p>Pe\u0142na obs\u0142uga transakcji sprzeda\u017cy nieruchomo\u015bci wraz z przygotowaniem, dokumentacj\u0105 fotograficzn\u0105 oraz wideo.<\/p>\t\t\t\t\t\t\t\t<\/div>\n\t\t\t\t<\/div>\n\t\t\t\t\t<\/div>\n\t\t<\/div>\n\t\t\t\t<div class=\"elementor-column elementor-col-33 elementor-inner-column elementor-element elementor-element-1be1345\" data-id=\"1be1345\" data-element_type=\"column\">\n\t\t\t<div class=\"elementor-widget-wrap elementor-element-populated\">\n\t\t\t\t\t\t<div class=\"elementor-element elementor-element-1c658789 elementor-widget elementor-widget-heading\" data-id=\"1c658789\" data-element_type=\"widget\" data-widget_type=\"heading.default\">\n\t\t\t\t<div class=\"elementor-widget-container\">\n\t\t\t\t\t<h3 class=\"elementor-heading-title elementor-size-default\">Po\u015brednictwo kupna<\/h3>\t\t\t\t<\/div>\n\t\t\t\t<\/div>\n\t\t\t\t<div class=\"elementor-element elementor-element-2b14f6c7 elementor-widget elementor-widget-text-editor\" data-id=\"2b14f6c7\" data-element_type=\"widget\" data-widget_type=\"text-editor.default\">\n\t\t\t\t<div class=\"elementor-widget-container\">\n\t\t\t\t\t\t\t\t\t<p><span style=\"font-family: 'PT Sans', sans-serif; font-size: 14px; font-style: normal; font-variant-ligatures: normal; font-variant-caps: normal; font-weight: 400;\">Pe\u0142na obs\u0142uga transakcji kupna nieruchomo\u015bci, wzbogacona o analiz\u0119 potrzeb Klienta.<\/span><\/p>\t\t\t\t\t\t\t\t<\/div>\n\t\t\t\t<\/div>\n\t\t\t\t\t<\/div>\n\t\t<\/div>\n\t\t\t\t<div class=\"elementor-column elementor-col-33 elementor-inner-column elementor-element elementor-element-2c050b96\" data-id=\"2c050b96\" data-element_type=\"column\">\n\t\t\t<div class=\"elementor-widget-wrap elementor-element-populated\">\n\t\t\t\t\t\t<div class=\"elementor-element elementor-element-255f9a5f elementor-widget elementor-widget-heading\" data-id=\"255f9a5f\" data-element_type=\"widget\" data-widget_type=\"heading.default\">\n\t\t\t\t<div class=\"elementor-widget-container\">\n\t\t\t\t\t<h3 class=\"elementor-heading-title elementor-size-default\">Przygotowanie pod sprzeda\u017c<\/h3>\t\t\t\t<\/div>\n\t\t\t\t<\/div>\n\t\t\t\t<div class=\"elementor-element elementor-element-259a0681 elementor-widget elementor-widget-text-editor\" data-id=\"259a0681\" data-element_type=\"widget\" data-widget_type=\"text-editor.default\">\n\t\t\t\t<div class=\"elementor-widget-container\">\n\t\t\t\t\t\t\t\t\t<p>Profesjonalne przygotowanie nieruchomo\u015bci pod sprzeda\u017c zapewniaj\u0105ce zwi\u0119kszenie zysku.<\/p>\t\t\t\t\t\t\t\t<\/div>\n\t\t\t\t<\/div>\n\t\t\t\t\t<\/div>\n\t\t<\/div>\n\t\t\t\t\t<\/div>\n\t\t<\/section>\n\t\t\t\t<section class=\"elementor-section elementor-inner-section elementor-element elementor-element-6b925841 elementor-section-boxed elementor-section-height-default elementor-section-height-default\" data-id=\"6b925841\" data-element_type=\"section\">\n\t\t\t\t\t\t<div class=\"elementor-container elementor-column-gap-default\">\n\t\t\t\t\t<div class=\"elementor-column elementor-col-50 elementor-inner-column elementor-element elementor-element-572b9add\" data-id=\"572b9add\" data-element_type=\"column\">\n\t\t\t<div class=\"elementor-widget-wrap elementor-element-populated\">\n\t\t\t\t\t\t<div class=\"elementor-element elementor-element-7dd2da33 elementor-widget elementor-widget-heading\" data-id=\"7dd2da33\" data-element_type=\"widget\" data-widget_type=\"heading.default\">\n\t\t\t\t<div class=\"elementor-widget-container\">\n\t\t\t\t\t<h3 class=\"elementor-heading-title elementor-size-default\">Rozliczanie podatkowe<\/h3>\t\t\t\t<\/div>\n\t\t\t\t<\/div>\n\t\t\t\t<div class=\"elementor-element elementor-element-5f47a320 elementor-widget elementor-widget-text-editor\" data-id=\"5f47a320\" data-element_type=\"widget\" data-widget_type=\"text-editor.default\">\n\t\t\t\t<div class=\"elementor-widget-container\">\n\t\t\t\t\t\t\t\t\t<p>Kompleksowa obs\u0142uga notarialno-ksi\u0119gowa transakcji kupna-sprzeda\u017cy.<\/p>\t\t\t\t\t\t\t\t<\/div>\n\t\t\t\t<\/div>\n\t\t\t\t\t<\/div>\n\t\t<\/div>\n\t\t\t\t<div class=\"elementor-column elementor-col-50 elementor-inner-column elementor-element elementor-element-35adb31b\" data-id=\"35adb31b\" data-element_type=\"column\">\n\t\t\t<div class=\"elementor-widget-wrap elementor-element-populated\">\n\t\t\t\t\t\t<div class=\"elementor-element elementor-element-1b80266b elementor-widget elementor-widget-heading\" data-id=\"1b80266b\" data-element_type=\"widget\" data-widget_type=\"heading.default\">\n\t\t\t\t<div class=\"elementor-widget-container\">\n\t\t\t\t\t<h3 class=\"elementor-heading-title elementor-size-default\">Skup nieruchomo\u015bci<\/h3>\t\t\t\t<\/div>\n\t\t\t\t<\/div>\n\t\t\t\t<div class=\"elementor-element elementor-element-3fde414 elementor-widget elementor-widget-text-editor\" data-id=\"3fde414\" data-element_type=\"widget\" data-widget_type=\"text-editor.default\">\n\t\t\t\t<div class=\"elementor-widget-container\">\n\t\t\t\t\t\t\t\t\t<p>P\u0142atno\u015b\u0107 got\u00f3wk\u0105, szybka i bezpieczna realizacja transakcji.<\/p>\t\t\t\t\t\t\t\t<\/div>\n\t\t\t\t<\/div>\n\t\t\t\t\t<\/div>\n\t\t<\/div>\n\t\t\t\t\t<\/div>\n\t\t<\/section>\n\t\t\t\t\t<\/div>\n\t\t<\/div>\n\t\t\t\t\t<\/div>\n\t\t<\/section>\n\t\t\t\t<\/div>\n\t\t","protected":false},"excerpt":{"rendered":"<p>Nieruchomo\u015bci Nie dzia\u0142amy szablonowo, dzia\u0142amy z pasj\u0105. W IMPERIO ka\u017cdego Klienta traktujemy indywidualnie. Pasj\u0119 \u0142\u0105czymy z wieloletnim do\u015bwiadczeniem. Do ka\u017cdej transakcji zawsze podchodzimy z pe\u0142nym zaanga\u017cowaniem. Jeste\u015bmy nastawieni na jako\u015b\u0107, profesjonalizm, ograniczaj\u0105c ilo\u015b\u0107 obs\u0142ugiwanych ofert gwarantujemy pe\u0142ne wsparcie i kompleksowo\u015b\u0107 us\u0142ugi. Co nas wyr\u00f3\u017cnia Specjalizujemy si\u0119 po\u015brednictwem w sprzeda\u017cy, najmie i kupnie mieszka\u0144, dom\u00f3w, lokali [&hellip;]<\/p>\n","protected":false},"author":1,"featured_media":0,"parent":0,"menu_order":0,"comment_status":"closed","ping_status":"closed","template":"","meta":{"ocean_post_layout":"full-screen","ocean_both_sidebars_style":"","ocean_both_sidebars_content_width":0,"ocean_both_sidebars_sidebars_width":0,"ocean_sidebar":"0","ocean_second_sidebar":"0","ocean_disable_margins":"enable","ocean_add_body_class":"","ocean_shortcode_before_top_bar":"","ocean_shortcode_after_top_bar":"","ocean_shortcode_before_header":"","ocean_shortcode_after_header":"","ocean_has_shortcode":"","ocean_shortcode_after_title":"","ocean_shortcode_before_footer_widgets":"","ocean_shortcode_after_footer_widgets":"","ocean_shortcode_before_footer_bottom":"","ocean_shortcode_after_footer_bottom":"","ocean_display_top_bar":"off","ocean_display_header":"default","ocean_header_style":"","ocean_center_header_left_menu":"0","ocean_custom_header_template":"0","ocean_custom_logo":0,"ocean_custom_retina_logo":0,"ocean_custom_logo_max_width":0,"ocean_custom_logo_tablet_max_width":0,"ocean_custom_logo_mobile_max_width":0,"ocean_custom_logo_max_height":0,"ocean_custom_logo_tablet_max_height":0,"ocean_custom_logo_mobile_max_height":0,"ocean_header_custom_menu":"0","ocean_menu_typo_font_family":"0","ocean_menu_typo_font_subset":"","ocean_menu_typo_font_size":0,"ocean_menu_typo_font_size_tablet":0,"ocean_menu_typo_font_size_mobile":0,"ocean_menu_typo_font_size_unit":"px","ocean_menu_typo_font_weight":"","ocean_menu_typo_font_weight_tablet":"","ocean_menu_typo_font_weight_mobile":"","ocean_menu_typo_transform":"","ocean_menu_typo_transform_tablet":"","ocean_menu_typo_transform_mobile":"","ocean_menu_typo_line_height":0,"ocean_menu_typo_line_height_tablet":0,"ocean_menu_typo_line_height_mobile":0,"ocean_menu_typo_line_height_unit":"","ocean_menu_typo_spacing":0,"ocean_menu_typo_spacing_tablet":0,"ocean_menu_typo_spacing_mobile":0,"ocean_menu_typo_spacing_unit":"","ocean_menu_link_color":"","ocean_menu_link_color_hover":"","ocean_menu_link_color_active":"","ocean_menu_link_background":"","ocean_menu_link_hover_background":"","ocean_menu_link_active_background":"","ocean_menu_social_links_bg":"","ocean_menu_social_hover_links_bg":"","ocean_menu_social_links_color":"","ocean_menu_social_hover_links_color":"","ocean_disable_title":"on","ocean_disable_heading":"default","ocean_post_title":"","ocean_post_subheading":"","ocean_post_title_style":"","ocean_post_title_background_color":"","ocean_post_title_background":0,"ocean_post_title_bg_image_position":"","ocean_post_title_bg_image_attachment":"","ocean_post_title_bg_image_repeat":"","ocean_post_title_bg_image_size":"","ocean_post_title_height":0,"ocean_post_title_bg_overlay":0.5,"ocean_post_title_bg_overlay_color":"","ocean_disable_breadcrumbs":"default","ocean_breadcrumbs_color":"","ocean_breadcrumbs_separator_color":"","ocean_breadcrumbs_links_color":"","ocean_breadcrumbs_links_hover_color":"","ocean_display_footer_widgets":"off","ocean_display_footer_bottom":"off","ocean_custom_footer_template":"0","footnotes":""},"class_list":["post-117","page","type-page","status-publish","hentry","entry"],"_links":{"self":[{"href":"https:\/\/imperio.pl\/index.php?rest_route=\/wp\/v2\/pages\/117","targetHints":{"allow":["GET"]}}],"collection":[{"href":"https:\/\/imperio.pl\/index.php?rest_route=\/wp\/v2\/pages"}],"about":[{"href":"https:\/\/imperio.pl\/index.php?rest_route=\/wp\/v2\/types\/page"}],"author":[{"embeddable":true,"href":"https:\/\/imperio.pl\/index.php?rest_route=\/wp\/v2\/users\/1"}],"replies":[{"embeddable":true,"href":"https:\/\/imperio.pl\/index.php?rest_route=%2Fwp%2Fv2%2Fcomments&post=117"}],"version-history":[{"count":8,"href":"https:\/\/imperio.pl\/index.php?rest_route=\/wp\/v2\/pages\/117\/revisions"}],"predecessor-version":[{"id":133,"href":"https:\/\/imperio.pl\/index.php?rest_route=\/wp\/v2\/pages\/117\/revisions\/133"}],"wp:attachment":[{"href":"https:\/\/imperio.pl\/index.php?rest_route=%2Fwp%2Fv2%2Fmedia&parent=117"}],"curies":[{"name":"wp","href":"https:\/\/api.w.org\/{rel}","templated":true}]}}